{"id":406,"date":"2020-10-12T09:27:17","date_gmt":"2020-10-12T07:27:17","guid":{"rendered":"https:\/\/www.lesroismages.fr\/mentions-legales\/"},"modified":"2020-11-26T09:10:04","modified_gmt":"2020-11-26T08:10:04","slug":"%e8%a6%8f%e7%b4%84%e3%81%8a%e3%82%88%e3%81%b3%e6%9d%a1%e4%bb%b6","status":"publish","type":"page","link":"https:\/\/www.lesroismages.fr\/ja\/%e8%a6%8f%e7%b4%84%e3%81%8a%e3%82%88%e3%81%b3%e6%9d%a1%e4%bb%b6\/","title":{"rendered":"\u898f\u7d04\u304a\u3088\u3073\u6761\u4ef6"},"content":{"rendered":"<div id=\"valeurs\" class=\"fusion-container-anchor\"><div class=\"fusion-fullwidth fullwidth-box fusion-builder-row-1 fusion-flex-container nonhundred-percent-fullwidth non-hundred-percent-height-scrolling\" style=\"--awb-border-radius-top-left:0px;--awb-border-radius-top-right:0px;--awb-border-radius-bottom-right:0px;--awb-border-radius-bottom-left:0px;--awb-flex-wrap:wrap;\" ><div class=\"fusion-builder-row fusion-row fusion-flex-align-items-flex-start fusion-flex-content-wrap\" style=\"max-width:1248px;margin-left: calc(-4% \/ 2 );margin-right: calc(-4% \/ 2 );\"><div class=\"fusion-layout-column fusion_builder_column fusion-builder-column-0 fusion_builder_column_1_1 1_1 fusion-flex-column\" style=\"--awb-bg-size:cover;--awb-width-large:100%;--awb-margin-top-large:0px;--awb-spacing-right-large:1.92%;--awb-margin-bottom-large:20px;--awb-spacing-left-large:1.92%;--awb-width-medium:100%;--awb-order-medium:0;--awb-spacing-right-medium:1.92%;--awb-spacing-left-medium:1.92%;--awb-width-small:100%;--awb-order-small:0;--awb-spacing-right-small:1.92%;--awb-spacing-left-small:1.92%;\"><div class=\"fusion-column-wrapper fusion-column-has-shadow fusion-flex-justify-content-flex-start fusion-content-layout-column\"><div class=\"fusion-title title fusion-title-1 fusion-sep-none fusion-title-center fusion-title-text fusion-title-size-two\" style=\"--awb-margin-top-small:10px;--awb-margin-right-small:0px;--awb-margin-bottom-small:10px;--awb-margin-left-small:0px;\"><h2 class=\"fusion-title-heading title-heading-center\" style=\"margin:0;\"><p style=\"text-align: center;\">\u898f\u7d04\u304a\u3088\u3073\u6761\u4ef6<\/p><\/h2><\/div><div class=\"fusion-separator\" style=\"align-self: center;margin-left: auto;margin-right: auto;margin-top:5px;margin-bottom:5px;width:100%;max-width:5%;\"><div class=\"fusion-separator-border sep-single sep-solid\" style=\"--awb-height:20px;--awb-amount:20px;--awb-sep-color:#212934;border-color:#212934;border-top-width:1px;\"><\/div><\/div><div class=\"fusion-separator\" style=\"align-self: center;margin-left: auto;margin-right: auto;margin-top:15px;width:100%;max-width:5%;\"><\/div><div class=\"fusion-text fusion-text-1\"><h2>\u00c9DITEUR<\/h2>\n<p>LES ROIS MAGES<br \/>\nSARL au capital de 12\u00a0140 \u20ac<br \/>\nRCS Paris n\u00b0452 566\u00a0946<br \/>\n100, boulevard de S\u00e9bastopol<br \/>\n75003 Paris<\/p>\n<h2>DIRECTEUR DE LA PUBLICATION<\/h2>\n<p>Madame Claudine Pons<\/p>\n<h2>H\u00c9BERGEUR<\/h2>\n<p>OVH<br \/>\nSAS au capital de 10 069 020 \u20ac<br \/>\nRCS Lille M\u00e9tropole n\u00b0 424 761 419<br \/>\n2, rue Kellermann<br \/>\n59100 Roubaix<\/p>\n<h2>CONTACT<\/h2>\n<p>contact@lesroismages.fr<br \/>\nTel\u00a0: +33 1 41 10 08 08<\/p>\n<\/div><\/div><\/div><\/div><\/div><\/div>\n","protected":false},"excerpt":{"rendered":"","protected":false},"author":1,"featured_media":0,"parent":0,"menu_order":0,"comment_status":"closed","ping_status":"closed","template":"","meta":{"footnotes":""},"class_list":["post-406","page","type-page","status-publish","hentry"],"yoast_head":"<!-- This site is optimized with the Yoast SEO plugin v27.4 - https:\/\/yoast.com\/product\/yoast-seo-wordpress\/ -->\n<title>Les Rois Mages\u306e\u30a6\u30a7\u30d6\u30b5\u30a4\u30c8\u306b\u3064\u3044\u3066<\/title>\n<meta name=\"description\" content=\"\u6cd5\u7684\u30fb\u6280\u8853\u7684\u60c5\u5831\" \/>\n<meta name=\"robots\" content=\"index, follow, max-snippet:-1, max-image-preview:large, max-video-preview:-1\" \/>\n<link rel=\"canonical\" href=\"https:\/\/www.lesroismages.fr\/ja\/\u898f\u7d04\u304a\u3088\u3073\u6761\u4ef6\/\" \/>\n<meta property=\"og:locale\" content=\"ja_JP\" \/>\n<meta property=\"og:type\" content=\"article\" \/>\n<meta property=\"og:title\" content=\"Les Rois Mages\u306e\u30a6\u30a7\u30d6\u30b5\u30a4\u30c8\u306b\u3064\u3044\u3066\" \/>\n<meta property=\"og:description\" content=\"\u6cd5\u7684\u30fb\u6280\u8853\u7684\u60c5\u5831\" \/>\n<meta property=\"og:url\" content=\"https:\/\/www.lesroismages.fr\/ja\/\u898f\u7d04\u304a\u3088\u3073\u6761\u4ef6\/\" \/>\n<meta property=\"og:site_name\" content=\"Agence Les Rois Mages\" \/>\n<meta property=\"article:modified_time\" content=\"2020-11-26T08:10:04+00:00\" \/>\n<meta name=\"twitter:card\" content=\"summary_large_image\" \/>\n<meta name=\"twitter:label1\" content=\"\u63a8\u5b9a\u8aad\u307f\u53d6\u308a\u6642\u9593\" \/>\n\t<meta name=\"twitter:data1\" content=\"5\u5206\" \/>\n<script type=\"application\/ld+json\" class=\"yoast-schema-graph\">{\"@context\":\"https:\\\/\\\/schema.org\",\"@graph\":[{\"@type\":\"WebPage\",\"@id\":\"https:\\\/\\\/www.lesroismages.fr\\\/ja\\\/%e8%a6%8f%e7%b4%84%e3%81%8a%e3%82%88%e3%81%b3%e6%9d%a1%e4%bb%b6\\\/\",\"url\":\"https:\\\/\\\/www.lesroismages.fr\\\/ja\\\/%e8%a6%8f%e7%b4%84%e3%81%8a%e3%82%88%e3%81%b3%e6%9d%a1%e4%bb%b6\\\/\",\"name\":\"Les Rois Mages\u306e\u30a6\u30a7\u30d6\u30b5\u30a4\u30c8\u306b\u3064\u3044\u3066\",\"isPartOf\":{\"@id\":\"https:\\\/\\\/www.lesroismages.fr\\\/#website\"},\"datePublished\":\"2020-10-12T07:27:17+00:00\",\"dateModified\":\"2020-11-26T08:10:04+00:00\",\"description\":\"\u6cd5\u7684\u30fb\u6280\u8853\u7684\u60c5\u5831\",\"breadcrumb\":{\"@id\":\"https:\\\/\\\/www.lesroismages.fr\\\/ja\\\/%e8%a6%8f%e7%b4%84%e3%81%8a%e3%82%88%e3%81%b3%e6%9d%a1%e4%bb%b6\\\/#breadcrumb\"},\"inLanguage\":\"ja\",\"potentialAction\":[{\"@type\":\"ReadAction\",\"target\":[\"https:\\\/\\\/www.lesroismages.fr\\\/ja\\\/%e8%a6%8f%e7%b4%84%e3%81%8a%e3%82%88%e3%81%b3%e6%9d%a1%e4%bb%b6\\\/\"]}]},{\"@type\":\"BreadcrumbList\",\"@id\":\"https:\\\/\\\/www.lesroismages.fr\\\/ja\\\/%e8%a6%8f%e7%b4%84%e3%81%8a%e3%82%88%e3%81%b3%e6%9d%a1%e4%bb%b6\\\/#breadcrumb\",\"itemListElement\":[{\"@type\":\"ListItem\",\"position\":1,\"name\":\"Accueil\",\"item\":\"https:\\\/\\\/www.lesroismages.fr\\\/ja\\\/\"},{\"@type\":\"ListItem\",\"position\":2,\"name\":\"\u898f\u7d04\u304a\u3088\u3073\u6761\u4ef6\"}]},{\"@type\":\"WebSite\",\"@id\":\"https:\\\/\\\/www.lesroismages.fr\\\/#website\",\"url\":\"https:\\\/\\\/www.lesroismages.fr\\\/\",\"name\":\"Agence Les Rois Mages\",\"description\":\"Conseil, relations m\u00e9dias, \u00e9dition, graphisme, digital et \u00e9v\u00e9nements\",\"potentialAction\":[{\"@type\":\"SearchAction\",\"target\":{\"@type\":\"EntryPoint\",\"urlTemplate\":\"https:\\\/\\\/www.lesroismages.fr\\\/?s={search_term_string}\"},\"query-input\":{\"@type\":\"PropertyValueSpecification\",\"valueRequired\":true,\"valueName\":\"search_term_string\"}}],\"inLanguage\":\"ja\"}]}<\/script>\n<!-- \/ Yoast SEO plugin. -->","yoast_head_json":{"title":"Les Rois Mages\u306e\u30a6\u30a7\u30d6\u30b5\u30a4\u30c8\u306b\u3064\u3044\u3066","description":"\u6cd5\u7684\u30fb\u6280\u8853\u7684\u60c5\u5831","robots":{"index":"index","follow":"follow","max-snippet":"max-snippet:-1","max-image-preview":"max-image-preview:large","max-video-preview":"max-video-preview:-1"},"canonical":"https:\/\/www.lesroismages.fr\/ja\/\u898f\u7d04\u304a\u3088\u3073\u6761\u4ef6\/","og_locale":"ja_JP","og_type":"article","og_title":"Les Rois Mages\u306e\u30a6\u30a7\u30d6\u30b5\u30a4\u30c8\u306b\u3064\u3044\u3066","og_description":"\u6cd5\u7684\u30fb\u6280\u8853\u7684\u60c5\u5831","og_url":"https:\/\/www.lesroismages.fr\/ja\/\u898f\u7d04\u304a\u3088\u3073\u6761\u4ef6\/","og_site_name":"Agence Les Rois Mages","article_modified_time":"2020-11-26T08:10:04+00:00","twitter_card":"summary_large_image","twitter_misc":{"\u63a8\u5b9a\u8aad\u307f\u53d6\u308a\u6642\u9593":"5\u5206"},"schema":{"@context":"https:\/\/schema.org","@graph":[{"@type":"WebPage","@id":"https:\/\/www.lesroismages.fr\/ja\/%e8%a6%8f%e7%b4%84%e3%81%8a%e3%82%88%e3%81%b3%e6%9d%a1%e4%bb%b6\/","url":"https:\/\/www.lesroismages.fr\/ja\/%e8%a6%8f%e7%b4%84%e3%81%8a%e3%82%88%e3%81%b3%e6%9d%a1%e4%bb%b6\/","name":"Les Rois Mages\u306e\u30a6\u30a7\u30d6\u30b5\u30a4\u30c8\u306b\u3064\u3044\u3066","isPartOf":{"@id":"https:\/\/www.lesroismages.fr\/#website"},"datePublished":"2020-10-12T07:27:17+00:00","dateModified":"2020-11-26T08:10:04+00:00","description":"\u6cd5\u7684\u30fb\u6280\u8853\u7684\u60c5\u5831","breadcrumb":{"@id":"https:\/\/www.lesroismages.fr\/ja\/%e8%a6%8f%e7%b4%84%e3%81%8a%e3%82%88%e3%81%b3%e6%9d%a1%e4%bb%b6\/#breadcrumb"},"inLanguage":"ja","potentialAction":[{"@type":"ReadAction","target":["https:\/\/www.lesroismages.fr\/ja\/%e8%a6%8f%e7%b4%84%e3%81%8a%e3%82%88%e3%81%b3%e6%9d%a1%e4%bb%b6\/"]}]},{"@type":"BreadcrumbList","@id":"https:\/\/www.lesroismages.fr\/ja\/%e8%a6%8f%e7%b4%84%e3%81%8a%e3%82%88%e3%81%b3%e6%9d%a1%e4%bb%b6\/#breadcrumb","itemListElement":[{"@type":"ListItem","position":1,"name":"Accueil","item":"https:\/\/www.lesroismages.fr\/ja\/"},{"@type":"ListItem","position":2,"name":"\u898f\u7d04\u304a\u3088\u3073\u6761\u4ef6"}]},{"@type":"WebSite","@id":"https:\/\/www.lesroismages.fr\/#website","url":"https:\/\/www.lesroismages.fr\/","name":"Agence Les Rois Mages","description":"Conseil, relations m\u00e9dias, \u00e9dition, graphisme, digital et \u00e9v\u00e9nements","potentialAction":[{"@type":"SearchAction","target":{"@type":"EntryPoint","urlTemplate":"https:\/\/www.lesroismages.fr\/?s={search_term_string}"},"query-input":{"@type":"PropertyValueSpecification","valueRequired":true,"valueName":"search_term_string"}}],"inLanguage":"ja"}]}},"_links":{"self":[{"href":"https:\/\/www.lesroismages.fr\/ja\/wp-json\/wp\/v2\/pages\/406","targetHints":{"allow":["GET"]}}],"collection":[{"href":"https:\/\/www.lesroismages.fr\/ja\/wp-json\/wp\/v2\/pages"}],"about":[{"href":"https:\/\/www.lesroismages.fr\/ja\/wp-json\/wp\/v2\/types\/page"}],"author":[{"embeddable":true,"href":"https:\/\/www.lesroismages.fr\/ja\/wp-json\/wp\/v2\/users\/1"}],"replies":[{"embeddable":true,"href":"https:\/\/www.lesroismages.fr\/ja\/wp-json\/wp\/v2\/comments?post=406"}],"version-history":[{"count":5,"href":"https:\/\/www.lesroismages.fr\/ja\/wp-json\/wp\/v2\/pages\/406\/revisions"}],"predecessor-version":[{"id":472,"href":"https:\/\/www.lesroismages.fr\/ja\/wp-json\/wp\/v2\/pages\/406\/revisions\/472"}],"wp:attachment":[{"href":"https:\/\/www.lesroismages.fr\/ja\/wp-json\/wp\/v2\/media?parent=406"}],"curies":[{"name":"wp","href":"https:\/\/api.w.org\/{rel}","templated":true}]}}